{"id":436,"date":"2024-04-25T14:19:32","date_gmt":"2024-04-25T13:19:32","guid":{"rendered":"https:\/\/hardangerwellness.no\/?page_id=436"},"modified":"2025-06-02T18:18:39","modified_gmt":"2025-06-02T17:18:39","slug":"salgsbetingelser","status":"publish","type":"page","link":"https:\/\/hardangerwellness.no\/index.php\/salgsbetingelser\/","title":{"rendered":"Salgsbetingelser Hardanger Wellness"},"content":{"rendered":"\n<p class=\"has-text-align-center\">1<br>Standardsalgsbetingelserforforbrukerkj\u00f8p<br>av varer over<br><br>Internett<br>Versjon 2.0 revidert oktober 2023. Oppdatert juni 2025.<br>Innledning:<br>Dette kj\u00f8pet erregulert avde nedenst\u00e5ende standardsalgsbetingelserforforbrukerkj\u00f8pavvarerover<br>Internett. Forbrukerkj\u00f8p over internettreguleres<br>hovedsakelig av avtaleloven, forbrukerkj\u00f8psloven,<br>markedsf\u00f8ringsloven, angrerettlovenog ehandelsloven,og disse lovene girforbrukeren ufravikelige<br>rettigheter.Lovene er tilgjengelig p\u00e5 www.lovdata.no.<br>Vilk\u00e5rene i denne avtalen skal ikke forst\u00e5s som<br>noen begrensning i de lovbestemte rettighetene,<br>men oppstiller partenes viktigste rettigheter og<br>plikterforhandelen.<br>Salgsbetingelsene er utarbeidet og anbefalt av<br>Forbrukertilsynet. For en bedre forst\u00e5else av disse<br>salgsbetingelsene, se Forbrukertilsynetsveileder.<br>Innholdsfortegnelse:<br>1] Avtalen<br>2] Partene<br>3] Pris<br>4] Avtaleinng\u00e5else<br>5] Betaling<br>6] Levering<br>7] Risikoen for varen<br>8] Angrerett<br>9] Forsinkelse og manglende levering<\/p>\n\n\n\n<ul class=\"wp-block-list has-medium-font-size\">\n<li class=\"has-medium-font-size\">kj\u00f8perens rettigheter og frist for \u00e5<br>melde krav<br>10] Mangel ved varen &#8211; kj\u00f8perens rettigheter<br>og reklamasjonsfrist<br>11] Selgerens rettigheter ved kj\u00f8perens<br>mislighold<br>12] Garanti<br>13] Personopplysninger<br>14] Konfliktl\u00f8sning<br>1] Avtalen<br>Avtalen best\u00e5r av disse salgsbetingelsene, opplysninger gitt i bestillingsl\u00f8sningen og eventuelt<br>s\u00e6rskilt avtalte vilk\u00e5r. Ved eventuell motstrid<br>mellomopplysningene, g\u00e5r detsoms\u00e6rskilt er avtaltmellomparteneforan,s\u00e5fremtdetikkestrider<br>motufravikeliglovgivning.<br>Avtalen vil i tillegg bli utfylt av relevante lovbestemmelser som regulerer kj\u00f8p av varer mellom<br>n\u00e6ringsdrivende og forbrukere.<br><br><br><strong><mark style=\"background-color:rgba(0, 0, 0, 0)\" class=\"has-inline-color has-black-color\">M\u00f8t opp til avtalt tid!<\/mark><\/strong><br><br>Klienten godtar vilk\u00e5rene og er innforst\u00e5tt med at ved manglende oppm\u00f8te, uten avbestilling <strong>senest 24 timer f\u00f8r avtalt tid<\/strong>, vil hele bel\u00f8pet bli fakturert.<br><br><br><br>The client accepts the terms and understands that failure to attend the appointment <strong>without cancelling at least 24 hours in advance<\/strong> will result in the full amount being invoiced.<br><br>2] Partene<br>Selger er [Hardanger Wellness], [Kremarvegen 7<br>5750 Odda], [hardangerlife@gmail.com], [93653209], [917954208], og betegnes<br>i det f\u00f8lgende som selger\/selgeren.<br>Kj\u00f8per er den forbrukeren som foretar bestillingen,<br>og betegnes i det f\u00f8lgende som kj\u00f8per\/kj\u00f8peren.<br>3] Pris<br>Den oppgitte prisen for varen og tjenester er den<br>totaleprisenkj\u00f8perskalbetale.Dennepriseninkluderer alle avgifter og tilleggskostnader. Ytterligere<br>kostnadersomselgerf\u00f8r kj\u00f8petikke harinformert<br>om,skalkj\u00f8perikkeb\u00e6re.<br>4] Avtaleinng\u00e5else<br>Avtalen erbindende forbeggepartern\u00e5r kj\u00f8peren<br>harsendt sin bestilling tilselgeren.<br>Avtalen er likevel ikke bindende hvis det har forekommetskrive- eller tastefeil i tilbudetfra selgeren<br>i bestillingsl\u00f8sningen i nettbutikken elleri kj\u00f8perens<br>bestilling, og den annen part inns\u00e5 eller burde ha<br>innsett at det forel\u00e5 en slik feil.<br>2<br>SALGSBETINGELSER FOR FORBRUKERKJ\u00d8P AV VARER OVER INTERNETT<br>5] Betaling<br>Selgeren kan kreve betaling for varen fra det tidspunkt den blirsendtfra selgeren til kj\u00f8peren.<br>Dersom kj\u00f8peren bruker kredittkort eller debetkort<br>ved betaling, kan selgeren reservere kj\u00f8pesummen<br>p\u00e5 kortet ved bestilling. Kortet blir belastet samme<br>dag som varen sendes.<br>Vedbetalingmed faktura, blirfakturaen til kj\u00f8peren<br>utstedt ved forsendelse av varen. Betalingsfristen<br>fremg\u00e5r av fakturaen og er p\u00e5 minimum 14 dager<br>fra mottak.<br>Kj\u00f8pere under 18 \u00e5r kan ikke betale med etterf\u00f8lgende faktura.<br>6] Levering<br>Levering erskjedd n\u00e5r kj\u00f8peren, eller hansrepresentant, har overtatttingen.<br>Hvisikke leveringstidspunkt fremg\u00e5r av bestillingsl\u00f8sningen,skalselgerenleverevarentil kj\u00f8peruten<br>un\u00f8dig opphold og senest 30 dager etter bestillingen fra kunden.Varenskal leveres hos kj\u00f8peren<br>medmindreanneters\u00e6rskiltavtaltmellompartene.<br>7] Risikoen for varen<br>Risikoen for varen g\u00e5r over p\u00e5 kj\u00f8per n\u00e5r han, eller<br>hans representant, har f\u00e5tt varene levert i tr\u00e5d<br>med punkt 6.<br>8] Angrerett<br>Med mindre avtalen er unntatt fra angrerett, kan<br>kj\u00f8peren angre kj\u00f8pet av varen i henhold til angrerettloven.<br>Kj\u00f8peren m\u00e5 gi selger melding om bruk av angreretten innen 14 dager fra fristen begynner \u00e5 l\u00f8pe.<br>I fristen inkluderes alle kalenderdager. Dersom<br>fristen ender p\u00e5 en l\u00f8rdag, helligdag eller h\u00f8ytidsdag forlenges fristen til n\u00e6rmeste virkedag.<br>Angrefristen anses overholdt dersom melding er<br>sendt f\u00f8r utl\u00f8pet av fristen. Kj\u00f8per har bevisbyrden<br>for at angreretten er blitt gjort gjeldende, og meldingen b\u00f8r derfor skje skriftlig (angrerettskjema,<br>e-post eller brev).<br>Angrefristen begynner \u00e5 l\u00f8pe:<\/li>\n\n\n\n<li>Vedkj\u00f8p av enkeltst\u00e5ende varer vil angrefristen<br>l\u00f8pe fra dagen etter varen(e) ermottatt.<\/li>\n\n\n\n<li>Selges et abonnement, ellerinneb\u00e6rer avtalen<br>regelmessig levering av identiske varer, l\u00f8per<br>fristen fra dagen etter f\u00f8rste forsendelse er<br>mottatt.<\/li>\n\n\n\n<li>Best\u00e5r kj\u00f8pet av flere leveranser, vil<br>angrefristen l\u00f8pe fra dagen ettersiste<br>leveranseermottatt.<br>Angrefristen utvides til 12 m\u00e5neder etter utl\u00f8pet<br>av den opprinnelige fristen dersom selgerikke f\u00f8r<br>avtaleinng\u00e5elsen opplyser om at det foreligger<br>angrerett og standardisert angreskjema. Tilsvarendegjeldervedmanglendeopplysningomvilk\u00e5r,<br>tidsfrister og fremgangsm\u00e5te for \u00e5 benytte angreretten. S\u00f8rger den n\u00e6ringsdrivende for \u00e5 gi opplysningene i l\u00f8pet av disse 12 m\u00e5nedene, utl\u00f8per<br>angrefristen likevel 14 dager etter den dagen<br>kj\u00f8peren mottok opplysningene.<br>Ved bruk av angreretten m\u00e5 varen leveres tilbake<br>til selgeren uten un\u00f8dig opphold og senest 14 dager<br>fra melding om bruk av angreretten er gitt. Kj\u00f8per<br>dekker de direkte kostnadene ved \u00e5 returnere varen,<br>med mindre annet er avtalt eller selger har unnlatt<br>\u00e5 opplyse om at kj\u00f8per skal dekke returkostnadene.<br>Selgeren kan ikke fastsette gebyr for kj\u00f8perens<br>bruk av angreretten.<br>Kj\u00f8per kan pr\u00f8ve ellerteste varen p\u00e5 en forsvarlig<br>m\u00e5te for \u00e5 fastsl\u00e5 varens art, egenskaper og funksjon, uten at angreretten faller bort. Dersom<br>pr\u00f8ving eller test av varen g\u00e5r utover hva som er<br>forsvarlig og n\u00f8dvendig, kankj\u00f8perenbli ansvarlig<br>foreventuellredusert verdip\u00e5varen.<br>Selgeren er forpliktet til \u00e5 tilbakebetale kj\u00f8pesummen til kj\u00f8peren uten un\u00f8dig opphold, og senest<br>14 dager fra selgeren fikk melding om kj\u00f8perens<br>beslutning om \u00e5 benytte angreretten. Selger har<br>rett til \u00e5 holde tilbake betalingen til han har mottatt<br>varene fra kj\u00f8peren, eller til kj\u00f8per har lagt frem<br>dokumentasjon for at varene er sendt tilbake.<br>3<br>SALGSBETINGELSER FOR FORBRUKERKJ\u00d8P AV VARER OVER INTERNETT<br>9] Forsinkelse og manglende<br>levering &#8211; kj\u00f8perens rettigheter<br>og frist for \u00e5 meldekrav<br>Dersom selgeren ikke leverer varen eller leverer<br>den forsent i henhold til avtalen mellom partene,<br>ogdetteikke skyldes kj\u00f8perenellerforholdp\u00e5 kj\u00f8perens side, kan kj\u00f8peren i henhold til reglene i<br>forbrukerkj\u00f8pslovens kapittel 5 etter omstendighetene holde kj\u00f8pesummen tilbake, kreve oppfyllelse, heve avtalen og\/eller kreve erstatning fra<br>selgeren.<br>Vedkravommisligholdsbef\u00f8yelser b\u00f8rmeldingen<br>av bevishensyn v\u00e6re skriftlig (for eksempele-post).<\/li>\n\n\n\n<li>Oppfyllelse<br>Kj\u00f8per kan fastholde kj\u00f8pet og kreve oppfyllelse<br>fra selger. Kj\u00f8per kan imidlertid ikke kreve oppfyllelse dersomdetforeligger en hindring somselgeren ikke kan overvinne, eller dersom oppfyllelse vil<br>medf\u00f8re ens\u00e5 storulempe eller kostnadforselger<br>at det st\u00e5r i vesentlig misforhold til kj\u00f8perens<br>interesse i at selgeren oppfyller. Skulle vanskene<br>falle bortinnen rimelig tid, kan kj\u00f8perlikevel kreve<br>oppfyllelse.<br>Kj\u00f8peren taper sin rett til \u00e5 kreve oppfyllelse om<br>han eller hun venter urimelig lengemed \u00e5 fremme<br>kravet.<\/li>\n\n\n\n<li>Heving<br>Dersom selgeren ikke leverer varen p\u00e5 leveringstidspunktet, skal kj\u00f8peren oppfordre selger til \u00e5<br>levere innen en rimelig tilleggsfrist for oppfyllelse.<br>Dersom selger ikke leverer varen innen tilleggsfristen,kankj\u00f8perenhevekj\u00f8pet.<br>Kj\u00f8perkanimidlertidhevekj\u00f8petumiddelbarthvis<br>selger nekter \u00e5 levere varen. Tilsvarende gjelder<br>dersom levering til avtalt tid var avgj\u00f8rende for<br>inng\u00e5elsen av avtalen, eller dersom kj\u00f8peren har<br>underrettet selger om at leveringstidspunktet er<br>avgj\u00f8rende.<br>Leveres tingen etter tilleggsfristen forbrukeren<br>har satt eller etter leveringstidspunktet som var<br>avgj\u00f8rende forinng\u00e5elsen av avtalen, m\u00e5 krav om<br>heving gj\u00f8res gjeldende innen rimelig tid etter at<br>kj\u00f8peren fikk vite omleveringen.<\/li>\n\n\n\n<li>Erstatning<br>Kj\u00f8peren kan kreveerstatning forlidttap somf\u00f8lge<br>av forsinkelsen.Dette gjelderimidlertid ikkedersom<br>selgeren godtgj\u00f8r atforsinkelsen skyldes hindring<br>utenfor selgers kontroll som ikke med rimelighet<br>kunne blitt tatt i betraktning p\u00e5 avtaletiden, unng\u00e5tt, eller overvunnet f\u00f8lgene av.<br>10] Mangel ved varen<\/li>\n\n\n\n<li>kj\u00f8perens rettigheterog<br>reklamasjonsfrist<br>Hvis detforeligger enmangel ved varenm\u00e5 kj\u00f8per<br>innen rimelig tid etter at den ble oppdaget eller<br>burde ha blitt oppdaget, gi selger melding om at<br>han eller hun vil p\u00e5berope seg mangelen. Kj\u00f8per<br>haralltidreklamerttidsnokdersomdetskjerinnen<br>2mnd.framangelen ble oppdaget eller burde blitt<br>oppdaget. Reklamasjon kan skje senest to \u00e5r etter<br>at kj\u00f8per overtok varen. Dersom varen eller deler<br>av den erment \u00e5 vare vesentlig lenger enn to \u00e5r, er<br>reklamasjonsfristen fem \u00e5r.<br>Dersom varen har en mangel og dette ikke skyldes<br>kj\u00f8peren eller forhold p\u00e5 kj\u00f8perens side, kan<br>kj\u00f8peren i henhold til reglene i forbrukerkj\u00f8psloven<br>kapittel 6 etter omstendighetene holde kj\u00f8pesummen tilbake, velge mellom retting og omlevering,<br>kreve prisavslag, kreve avtalen hevet og\/eller kreve<br>erstatning fra selgeren.<br>Reklamasjon til selgeren b\u00f8r skje skriftlig.<\/li>\n\n\n\n<li>Rettingeller omlevering<br>Kj\u00f8perenkanvelgemellom\u00e5krevemangelenrettet<br>eller levering av tilsvarende ting. Selger kan likevel<br>motsette seg kj\u00f8perens krav dersom gjennomf\u00f8ringen av kravet er umulig eller volder selgeren<br>urimelige kostnader. Retting eller omlevering skal<br>foretas innen rimelig tid. Selger har i utgangspunktet ikke rett til \u00e5 foreta mer enn to avhjelpsfors\u00f8kforsammemangel.<\/li>\n\n\n\n<li>Prisavslag<br>Kj\u00f8per kan kreve et passende prisavslag dersom<br>varen ikke blir rettet eller omlevert. Dette inneb\u00e6rer at forholdet mellom nedsatt og avtalt pris<br>svarertil forholdet mellom tingens verdi i mangelfull og kontraktsmessig stand. Dersom s\u00e6rlige<br>grunnertalerfor det, kan prisavslaget istedetsetteslikmangelens betydning for kj\u00f8peren.<br>4<br>SALGSBETINGELSER FOR FORBRUKERKJ\u00d8P AV VARER OVER INTERNETT<\/li>\n\n\n\n<li>Heving<br>Dersom varen ikke er rettet eller omlevert, kan<br>kj\u00f8peren ogs\u00e5 heve kj\u00f8pet n\u00e5r mangelen ikke er<br>uvesentlig.<br>11] Selgerens rettigheter ved<br>kj\u00f8perens mislighold<br>Dersom kj\u00f8peren ikke betaler eller oppfyller de<br>\u00f8vrige pliktene etter avtalen eller loven, og dette<br>ikke skyldes selgeren eller forhold p\u00e5 selgerens<br>side, kan selgereni henholdtilreglene iforbrukerkj\u00f8psloven kapittel 9 etter omstendighetene holde<br>varen tilbake, kreve oppfyllelse av avtalen, kreve<br>avtalen hevetsamt kreve erstatning fra kj\u00f8peren.<br>Selgeren vil ogs\u00e5 etter omstendighetene kunne<br>kreve renter ved forsinket betaling, inkassogebyr<br>og etrimelig gebyr ved uavhentede varer.<\/li>\n\n\n\n<li>Oppfyllelse<br>Selger kan fastholde kj\u00f8pet og kreve at kj\u00f8peren<br>betaler kj\u00f8pesummen. Er varen ikke levert, taper<br>selgeren sin rett dersom han venter urimelig lenge<br>med \u00e5 fremme kravet.<\/li>\n\n\n\n<li>Heving<br>Selger kan heve avtalen dersom detforeligger vesentlig betalingsmislighold eller annet vesentlig<br>mislighold fra kj\u00f8perens side. Selger kan likevel<br>ikke heve dersom hele kj\u00f8pesummen er betalt.<br>Fastsetter selger en rimelig tilleggsfrist for oppfyllelse og kj\u00f8peren ikke betaler innen denne fristen, kan selger heve kj\u00f8pet.<\/li>\n\n\n\n<li>Renter ved forsinket betaling\/inkassogebyr<br>Dersomkj\u00f8perenikkebetalerkj\u00f8pesummenihenhold til avtalen, kan selger kreve renter av kj\u00f8pesummen etter forsinkelsesrenteloven. Ved manglende betaling kan kravet, etter forutg\u00e5ende<br>varsel, blisendttil inkasso. Kj\u00f8per kan da bli holdt<br>ansvarlig for gebyr etterinkassoloven.<\/li>\n\n\n\n<li>Gebyr ved uavhentede ikke-forskuddsbetalte<br>varer<br>Dersom kj\u00f8peren unnlater \u00e5 hente ubetalte varer,<br>kan selger belaste kj\u00f8per med et gebyr. Gebyret<br>skal maksimalt dekke selgerens faktiske utlegg<br>for \u00e5 levere varen til kj\u00f8peren. Et slikt gebyr kan<br>ikke belastes kj\u00f8pere under 18 \u00e5r.<br>12] Garanti<br>Garantisom gis av selgeren eller produsenten, gir<br>kj\u00f8perenrettigheteritillegg tilde kj\u00f8perenallerede<br>har etter ufravikelig lovgivning. En garanti inneb\u00e6rerdermedingenbegrensningeri kj\u00f8perensrett<br>tilreklamasjon og krav ved forsinkelse ellermangler<br>etter punkt 9 og 10.<br>13] Personopplysninger<br>Behandlingsansvarlig for innsamlede personopplysningererselger.Medmindrekj\u00f8perensamtykker<br>til noe annet, kan selgeren, itr\u00e5dmed personopplysningsloven, kun innhente og lagre de personopplysningersomer n\u00f8dvendig for atselgeren skal<br>kunne gjennomf\u00f8re forpliktelsene etter avtalen.<br>Kj\u00f8perens personopplysninger vil kun bli utlevert<br>til andre hvis det er n\u00f8dvendig for atselgerskal f\u00e5<br>gjennomf\u00f8rt avtalen med kj\u00f8peren, eller i lovbestemtetilfelle.<br>14] Konfliktl\u00f8sning<br>Klager rettes til selger innen rimelig tid, jf. punkt 9<br>og 10. Partene skal fors\u00f8ke \u00e5 l\u00f8se eventuelle tvister i minnelighet. Dersom dette ikke lykkes, kan<br>kj\u00f8peren ta kontakt med Forbrukerr\u00e5det for mekling. Forbrukerr\u00e5det er tilgjengelig p\u00e5 telefon 23<br>400 500 eller www.forbrukerradet.no.<\/li>\n<\/ul>\n","protected":false},"excerpt":{"rendered":"<p>1Standardsalgsbetingelserforforbrukerkj\u00f8pav varer over InternettVersjon 2.0 revidert oktober 2023. Oppdatert juni 2025.Innledning:Dette kj\u00f8pet erregulert avde nedenst\u00e5ende standardsalgsbetingelserforforbrukerkj\u00f8pavvareroverInternett. Forbrukerkj\u00f8p over internettregulereshovedsakelig av avtaleloven, forbrukerkj\u00f8psloven,markedsf\u00f8ringsloven, angrerettlovenog ehandelsloven,og disse lovene girforbrukeren ufravikeligerettigheter.Lovene er tilgjengelig p\u00e5 www.lovdata.no.Vilk\u00e5rene i denne avtalen skal ikke forst\u00e5s somnoen begrensning i de lovbestemte rettighetene,men oppstiller partenes viktigste rettigheter ogplikterforhandelen.Salgsbetingelsene er utarbeidet og anbefalt avForbrukertilsynet. For [&hellip;]<\/p>\n","protected":false},"author":1,"featured_media":0,"parent":0,"menu_order":0,"comment_status":"closed","ping_status":"closed","template":"","meta":{"footnotes":""},"class_list":["post-436","page","type-page","status-publish","hentry"],"yoast_head":"<!-- This site is optimized with the Yoast SEO plugin v21.4 - https:\/\/yoast.com\/wordpress\/plugins\/seo\/ -->\n<title>Salgsbetingelser Hardanger Wellness - Hardanger Wellness<\/title>\n<meta name=\"robots\" content=\"index, follow, max-snippet:-1, max-image-preview:large, max-video-preview:-1\" \/>\n<link rel=\"canonical\" href=\"https:\/\/hardangerwellness.no\/index.php\/salgsbetingelser\/\" \/>\n<meta property=\"og:locale\" content=\"nb_NO\" \/>\n<meta property=\"og:type\" content=\"article\" \/>\n<meta property=\"og:title\" content=\"Salgsbetingelser Hardanger Wellness - Hardanger Wellness\" \/>\n<meta property=\"og:description\" content=\"1Standardsalgsbetingelserforforbrukerkj\u00f8pav varer over InternettVersjon 2.0 revidert oktober 2023. Oppdatert juni 2025.Innledning:Dette kj\u00f8pet erregulert avde nedenst\u00e5ende standardsalgsbetingelserforforbrukerkj\u00f8pavvareroverInternett. Forbrukerkj\u00f8p over internettregulereshovedsakelig av avtaleloven, forbrukerkj\u00f8psloven,markedsf\u00f8ringsloven, angrerettlovenog ehandelsloven,og disse lovene girforbrukeren ufravikeligerettigheter.Lovene er tilgjengelig p\u00e5 www.lovdata.no.Vilk\u00e5rene i denne avtalen skal ikke forst\u00e5s somnoen begrensning i de lovbestemte rettighetene,men oppstiller partenes viktigste rettigheter ogplikterforhandelen.Salgsbetingelsene er utarbeidet og anbefalt avForbrukertilsynet. For [&hellip;]\" \/>\n<meta property=\"og:url\" content=\"https:\/\/hardangerwellness.no\/index.php\/salgsbetingelser\/\" \/>\n<meta property=\"og:site_name\" content=\"Hardanger Wellness\" \/>\n<meta property=\"article:modified_time\" content=\"2025-06-02T17:18:39+00:00\" \/>\n<meta name=\"twitter:card\" content=\"summary_large_image\" \/>\n<meta name=\"twitter:label1\" content=\"Ansl. lesetid\" \/>\n\t<meta name=\"twitter:data1\" content=\"10 minutter\" \/>\n<script type=\"application\/ld+json\" class=\"yoast-schema-graph\">{\"@context\":\"https:\/\/schema.org\",\"@graph\":[{\"@type\":\"WebPage\",\"@id\":\"https:\/\/hardangerwellness.no\/index.php\/salgsbetingelser\/\",\"url\":\"https:\/\/hardangerwellness.no\/index.php\/salgsbetingelser\/\",\"name\":\"Salgsbetingelser Hardanger Wellness - Hardanger Wellness\",\"isPartOf\":{\"@id\":\"https:\/\/hardangerwellness.no\/#website\"},\"datePublished\":\"2024-04-25T13:19:32+00:00\",\"dateModified\":\"2025-06-02T17:18:39+00:00\",\"breadcrumb\":{\"@id\":\"https:\/\/hardangerwellness.no\/index.php\/salgsbetingelser\/#breadcrumb\"},\"inLanguage\":\"nb-NO\",\"potentialAction\":[{\"@type\":\"ReadAction\",\"target\":[\"https:\/\/hardangerwellness.no\/index.php\/salgsbetingelser\/\"]}]},{\"@type\":\"BreadcrumbList\",\"@id\":\"https:\/\/hardangerwellness.no\/index.php\/salgsbetingelser\/#breadcrumb\",\"itemListElement\":[{\"@type\":\"ListItem\",\"position\":1,\"name\":\"Home\",\"item\":\"https:\/\/hardangerwellness.no\/\"},{\"@type\":\"ListItem\",\"position\":2,\"name\":\"Salgsbetingelser Hardanger Wellness\"}]},{\"@type\":\"WebSite\",\"@id\":\"https:\/\/hardangerwellness.no\/#website\",\"url\":\"https:\/\/hardangerwellness.no\/\",\"name\":\"Hardanger Wellness\",\"description\":\"En velv\u00e6redr\u00f8m\",\"potentialAction\":[{\"@type\":\"SearchAction\",\"target\":{\"@type\":\"EntryPoint\",\"urlTemplate\":\"https:\/\/hardangerwellness.no\/?s={search_term_string}\"},\"query-input\":\"required name=search_term_string\"}],\"inLanguage\":\"nb-NO\"}]}<\/script>\n<!-- \/ Yoast SEO plugin. -->","yoast_head_json":{"title":"Salgsbetingelser Hardanger Wellness - Hardanger Wellness","robots":{"index":"index","follow":"follow","max-snippet":"max-snippet:-1","max-image-preview":"max-image-preview:large","max-video-preview":"max-video-preview:-1"},"canonical":"https:\/\/hardangerwellness.no\/index.php\/salgsbetingelser\/","og_locale":"nb_NO","og_type":"article","og_title":"Salgsbetingelser Hardanger Wellness - Hardanger Wellness","og_description":"1Standardsalgsbetingelserforforbrukerkj\u00f8pav varer over InternettVersjon 2.0 revidert oktober 2023. Oppdatert juni 2025.Innledning:Dette kj\u00f8pet erregulert avde nedenst\u00e5ende standardsalgsbetingelserforforbrukerkj\u00f8pavvareroverInternett. Forbrukerkj\u00f8p over internettregulereshovedsakelig av avtaleloven, forbrukerkj\u00f8psloven,markedsf\u00f8ringsloven, angrerettlovenog ehandelsloven,og disse lovene girforbrukeren ufravikeligerettigheter.Lovene er tilgjengelig p\u00e5 www.lovdata.no.Vilk\u00e5rene i denne avtalen skal ikke forst\u00e5s somnoen begrensning i de lovbestemte rettighetene,men oppstiller partenes viktigste rettigheter ogplikterforhandelen.Salgsbetingelsene er utarbeidet og anbefalt avForbrukertilsynet. For [&hellip;]","og_url":"https:\/\/hardangerwellness.no\/index.php\/salgsbetingelser\/","og_site_name":"Hardanger Wellness","article_modified_time":"2025-06-02T17:18:39+00:00","twitter_card":"summary_large_image","twitter_misc":{"Ansl. lesetid":"10 minutter"},"schema":{"@context":"https:\/\/schema.org","@graph":[{"@type":"WebPage","@id":"https:\/\/hardangerwellness.no\/index.php\/salgsbetingelser\/","url":"https:\/\/hardangerwellness.no\/index.php\/salgsbetingelser\/","name":"Salgsbetingelser Hardanger Wellness - Hardanger Wellness","isPartOf":{"@id":"https:\/\/hardangerwellness.no\/#website"},"datePublished":"2024-04-25T13:19:32+00:00","dateModified":"2025-06-02T17:18:39+00:00","breadcrumb":{"@id":"https:\/\/hardangerwellness.no\/index.php\/salgsbetingelser\/#breadcrumb"},"inLanguage":"nb-NO","potentialAction":[{"@type":"ReadAction","target":["https:\/\/hardangerwellness.no\/index.php\/salgsbetingelser\/"]}]},{"@type":"BreadcrumbList","@id":"https:\/\/hardangerwellness.no\/index.php\/salgsbetingelser\/#breadcrumb","itemListElement":[{"@type":"ListItem","position":1,"name":"Home","item":"https:\/\/hardangerwellness.no\/"},{"@type":"ListItem","position":2,"name":"Salgsbetingelser Hardanger Wellness"}]},{"@type":"WebSite","@id":"https:\/\/hardangerwellness.no\/#website","url":"https:\/\/hardangerwellness.no\/","name":"Hardanger Wellness","description":"En velv\u00e6redr\u00f8m","potentialAction":[{"@type":"SearchAction","target":{"@type":"EntryPoint","urlTemplate":"https:\/\/hardangerwellness.no\/?s={search_term_string}"},"query-input":"required name=search_term_string"}],"inLanguage":"nb-NO"}]}},"_links":{"self":[{"href":"https:\/\/hardangerwellness.no\/index.php\/wp-json\/wp\/v2\/pages\/436","targetHints":{"allow":["GET"]}}],"collection":[{"href":"https:\/\/hardangerwellness.no\/index.php\/wp-json\/wp\/v2\/pages"}],"about":[{"href":"https:\/\/hardangerwellness.no\/index.php\/wp-json\/wp\/v2\/types\/page"}],"author":[{"embeddable":true,"href":"https:\/\/hardangerwellness.no\/index.php\/wp-json\/wp\/v2\/users\/1"}],"replies":[{"embeddable":true,"href":"https:\/\/hardangerwellness.no\/index.php\/wp-json\/wp\/v2\/comments?post=436"}],"version-history":[{"count":4,"href":"https:\/\/hardangerwellness.no\/index.php\/wp-json\/wp\/v2\/pages\/436\/revisions"}],"predecessor-version":[{"id":445,"href":"https:\/\/hardangerwellness.no\/index.php\/wp-json\/wp\/v2\/pages\/436\/revisions\/445"}],"wp:attachment":[{"href":"https:\/\/hardangerwellness.no\/index.php\/wp-json\/wp\/v2\/media?parent=436"}],"curies":[{"name":"wp","href":"https:\/\/api.w.org\/{rel}","templated":true}]}}